{"id":1123,"date":"2021-08-13T13:35:00","date_gmt":"2021-08-13T11:35:00","guid":{"rendered":"http:\/\/lespetitspotes.org\/?page_id=1123"},"modified":"2026-04-10T14:30:03","modified_gmt":"2026-04-10T12:30:03","slug":"inscriptions","status":"publish","type":"page","link":"https:\/\/lespetitspotes.org\/index.php\/inscriptions\/","title":{"rendered":"Inscriptions"},"content":{"rendered":"\n<p><strong>ATTENTION : Nouvelles conditions g\u00e9n\u00e9rales d&rsquo;inscriptions. <\/strong><\/p>\n\n\n\n<p class=\"has-text-align-center\"><em><mark style=\"background-color:rgba(0, 0, 0, 0)\" class=\"has-inline-color has-vivid-red-color\">Dossier \u00e0 mettre \u00e0 jour avant la demande d&rsquo;inscription. Quotient familial \u00e0 actualiser tous les 3 mois. <\/mark><\/em><\/p>\n\n\n\n<p>Attention, nouveau r\u00e8glement int\u00e9rieur \u00e0 signer et mettre \u00e0 jour sur votre espace !<\/p>\n\n\n\n<p>Validation des demandes par ordre d&rsquo;arriv\u00e9e. Annulation possible seulement pour les demandes de semaines non compl\u00e8tes valid\u00e9es partiellement et sous conditions. VOIR ci-dessous les CGI<\/p>\n\n\n\n<p>Acc\u00e8s au portail famille pour inscrire votre enfant :<\/p>\n\n\n\n<p class=\"has-text-align-center\"><a href=\"http:\/\/inscriptions.lespetitspotes.org\"><img loading=\"lazy\" decoding=\"async\" width=\"246\" height=\"75\" class=\"wp-image-1150\" style=\"width: 246px;\" src=\"https:\/\/lespetitspotes.org\/wp-content\/uploads\/2021\/06\/portail-familles.png\" alt=\"portail familles\" srcset=\"https:\/\/lespetitspotes.org\/wp-content\/uploads\/2021\/06\/portail-familles.png 1341w, https:\/\/lespetitspotes.org\/wp-content\/uploads\/2021\/06\/portail-familles-300x92.png 300w, https:\/\/lespetitspotes.org\/wp-content\/uploads\/2021\/06\/portail-familles-1024x314.png 1024w, https:\/\/lespetitspotes.org\/wp-content\/uploads\/2021\/06\/portail-familles-768x235.png 768w, https:\/\/lespetitspotes.org\/wp-content\/uploads\/2021\/06\/portail-familles-604x185.png 604w\" sizes=\"auto, (max-width: 246px) 100vw, 246px\" \/><\/a><br><a href=\"http:\/\/inscriptions.lespetitspotes.org\">inscriptions.lespetitspotes.org<\/a><\/p>\n\n\n\n<figure class=\"wp-block-gallery has-nested-images columns-default is-cropped wp-block-gallery-1 is-layout-flex wp-block-gallery-is-layout-flex\"><\/figure>\n\n\n\n<p class=\"has-text-align-left\"><a href=\"https:\/\/lespetitspotes.org\/wp-content\/uploads\/2026\/04\/2026-CGI-derniere-version-_compressed-1.pdf\" target=\"_blank\" rel=\"noreferrer noopener\">T\u00e9l\u00e9charger ici les \u00ab\u00a0Conditions G\u00e9n\u00e9rales d&rsquo;inscriptions 2026\u00a0\u00bb<\/a><\/p>\n\n\n\n<p><a href=\"https:\/\/lespetitspotes.org\/wp-content\/uploads\/2026\/04\/2026-Reglement-Interieur-1-1.pdf\">T\u00e9l\u00e9charger ici le \u00ab\u00a0R\u00e8glement Int\u00e9rieur 2026\u00a0\u00bb <\/a><\/p>\n\n\n\n<p><a href=\"https:\/\/lespetitspotes.org\/wp-content\/uploads\/2025\/02\/Autorisation-Droit-a-Limage.pdf\">T\u00e9l\u00e9charger ici l&rsquo;autorisation de droit \u00e0 l&rsquo;image <\/a><\/p>\n\n\n\n<p><\/p>\n\n\n\n<p>Apr\u00e8s cette p\u00e9riode, les inscriptions seront toujours possible pour les places restantes.<\/p>\n\n\n\n<p><br>Pour toutes questions, veuillez remplir le <a href=\"https:\/\/lespetitspotes.org\/index.php\/formulaire-de-contact\/\" data-type=\"page\" data-id=\"2154\">\u00ab\u00a0formulaire de contact\u00a0\u00bb<\/a> disponible sur ce site internet. Nous vous r\u00e9pondrons dans les meilleurs d\u00e9lais.<\/p>\n\n\n\n<p>Notre secr\u00e9tariat t\u00e9l\u00e9phonique est ouvert au 06 31 22 07 66 les mardis et vendredis matin entre 9h et 13h.<\/p>\n\n\n\n<div data-wp-interactive=\"core\/file\" class=\"wp-block-file\"><object data-wp-bind--hidden=\"!state.hasPdfPreview\" hidden class=\"wp-block-file__embed\" data=\"https:\/\/lespetitspotes.org\/wp-content\/uploads\/2026\/04\/Affiche-periodes-douverture-et-tarif-2026.pdf\" type=\"application\/pdf\" style=\"width:100%;height:1260px\" aria-label=\"Contenu embarqu\u00e9 Affiche p\u00e9riodes d&apos;ouverture et tarif 2026.\"><\/object><a id=\"wp-block-file--media-656313d3-544d-417c-b943-00b063040a98\" href=\"https:\/\/lespetitspotes.org\/wp-content\/uploads\/2026\/04\/Affiche-periodes-douverture-et-tarif-2026.pdf\">Affiche p\u00e9riodes d&rsquo;ouverture et tarif 2026<\/a><a href=\"https:\/\/lespetitspotes.org\/wp-content\/uploads\/2026\/04\/Affiche-periodes-douverture-et-tarif-2026.pdf\" class=\"wp-block-file__button wp-element-button\" download aria-describedby=\"wp-block-file--media-656313d3-544d-417c-b943-00b063040a98\">T\u00e9l\u00e9charger<\/a><\/div>\n","protected":false},"excerpt":{"rendered":"<p>ATTENTION : Nouvelles conditions g\u00e9n\u00e9rales d&rsquo;inscriptions. Dossier \u00e0 mettre \u00e0 jour avant la demande d&rsquo;inscription. Quotient familial \u00e0 actualiser tous les 3 mois. Attention, nouveau r\u00e8glement int\u00e9rieur \u00e0 signer et mettre \u00e0 jour sur votre espace ! Validation des demandes par ordre d&rsquo;arriv\u00e9e. Annulation possible seulement pour les demandes de semaines non compl\u00e8tes valid\u00e9es partiellement et sous conditions. VOIR ci-dessous les CGI Acc\u00e8s au portail famille pour inscrire votre enfant : inscriptions.lespetitspotes.org T\u00e9l\u00e9charger ici les \u00ab\u00a0Conditions G\u00e9n\u00e9rales d&rsquo;inscriptions 2026\u00a0\u00bb T\u00e9l\u00e9charger&#8230;<\/p>\n<p class=\"read-more\"><a class=\"btn btn-default\" href=\"https:\/\/lespetitspotes.org\/index.php\/inscriptions\/\">Lire la suite<span class=\"screen-reader-text\"> Lire la suite<\/span><\/a><\/p>\n","protected":false},"author":1,"featured_media":0,"parent":0,"menu_order":0,"comment_status":"closed","ping_status":"closed","template":"","meta":{"footnotes":""},"class_list":["post-1123","page","type-page","status-publish","hentry"],"_links":{"self":[{"href":"https:\/\/lespetitspotes.org\/index.php\/wp-json\/wp\/v2\/pages\/1123","targetHints":{"allow":["GET"]}}],"collection":[{"href":"https:\/\/lespetitspotes.org\/index.php\/wp-json\/wp\/v2\/pages"}],"about":[{"href":"https:\/\/lespetitspotes.org\/index.php\/wp-json\/wp\/v2\/types\/page"}],"author":[{"embeddable":true,"href":"https:\/\/lespetitspotes.org\/index.php\/wp-json\/wp\/v2\/users\/1"}],"replies":[{"embeddable":true,"href":"https:\/\/lespetitspotes.org\/index.php\/wp-json\/wp\/v2\/comments?post=1123"}],"version-history":[{"count":40,"href":"https:\/\/lespetitspotes.org\/index.php\/wp-json\/wp\/v2\/pages\/1123\/revisions"}],"predecessor-version":[{"id":2219,"href":"https:\/\/lespetitspotes.org\/index.php\/wp-json\/wp\/v2\/pages\/1123\/revisions\/2219"}],"wp:attachment":[{"href":"https:\/\/lespetitspotes.org\/index.php\/wp-json\/wp\/v2\/media?parent=1123"}],"curies":[{"name":"wp","href":"https:\/\/api.w.org\/{rel}","templated":true}]}}