{"id":16,"date":"2016-10-18T20:51:39","date_gmt":"2016-10-18T18:51:39","guid":{"rendered":"http:\/\/lespetitspotes.org\/?page_id=16"},"modified":"2026-03-06T11:06:27","modified_gmt":"2026-03-06T10:06:27","slug":"contact","status":"publish","type":"page","link":"https:\/\/lespetitspotes.org\/index.php\/contact\/","title":{"rendered":"Info &#038; Contact"},"content":{"rendered":"<p><span style=\"color: #0000ff;\">L&rsquo;\u00e9quipe de direction sera heureuse de r\u00e9pondre \u00e0 vos demandes ou vous proposer un rdv pour les premi\u00e8res inscriptions.<\/span><\/p>\n<p><span style=\"color: #0000ff;\">Secr\u00e9tariat, mail et t\u00e9l\u00e9phone ouverts les mardi et vendredi matin de 9h \u00e0 13h au 06.61.22.07.66. Pour toute demande mail, merci de remplir le formulaire de contact dans l&rsquo;onglet pr\u00e9vu \u00e0 cet effet sur ce site internet.<\/span><\/p>\n<div><\/div>\n<p><strong>P\u00e9riode scolaire :<\/strong><\/p>\n<p>Le mercredi, l&rsquo;accueil se d\u00e9roule \u00e0 Charn\u00e8cles de 7h45 \u00e0 18h15 (arriv\u00e9e 13h30 pour les demis journ\u00e9es)<\/p>\n<p><strong>P\u00e9riode de vacances scolaires\u00a0:<\/strong><\/p>\n<p>Retrouvez nous directement au centre de loisirs situ\u00e9 dans les locaux de l&rsquo;\u00e9cole de La Murette pour les petites vacances ou dans les locaux de l&rsquo;\u00e9cole de Saint-Cassien pour les vacances d&rsquo;\u00e9t\u00e9.<\/p>\n<p>Du lundi au vendredi, sauf les jours de sortie, de 7h45 \u00e0 18h15.<\/p>\n<p><strong>Adresse du bureau :<\/strong> 40 rue du Bouchat, 38140 La Murette<\/p>\n<p><iframe loading=\"lazy\" style=\"border: 0;\" src=\"https:\/\/www.google.com\/maps\/embed?pb=!1m18!1m12!1m3!1d2802.425381261956!2d5.538561215554645!3d45.380589279100064!2m3!1f0!2f0!3f0!3m2!1i1024!2i768!4f13.1!3m3!1m2!1s0x478ae6da6a332c87%3A0xbffcf9ff40cbfa49!2s40+Rue+du+Bouchat%2C+38140+La+Murette!5e0!3m2!1sfr!2sfr!4v1480064099868\" width=\"400\" height=\"300\" frameborder=\"0\" allowfullscreen=\"allowfullscreen\"><\/iframe><\/p>\n<p><strong><span class=\"font_small\"><a href=\"http:\/\/www.facebook.com\/assolespetitspotes\">Retrouvez\u00a0toutes nos actualit\u00e9s sur Facebook en cliquant ici !<\/a><br \/>\n<\/span><\/strong><span class=\"font_small\">(page accessible m\u00eame sans compte Facebook)<\/span><\/p>\n<p><strong>Attention, aucune inscription ne sera prise par t\u00e9l\u00e9phone.<\/strong><\/p>\n<p>La direction sera pr\u00e9sente sur tous les temps d&rsquo;accueil du soir.<\/p>\n","protected":false},"excerpt":{"rendered":"<p>L&rsquo;\u00e9quipe de direction sera heureuse de r\u00e9pondre \u00e0 vos demandes ou vous proposer un rdv pour les premi\u00e8res inscriptions. Secr\u00e9tariat, mail et t\u00e9l\u00e9phone ouverts les mardi et vendredi matin de 9h \u00e0 13h au 06.61.22.07.66. Pour toute demande mail, merci de remplir le formulaire de contact dans l&rsquo;onglet pr\u00e9vu \u00e0 cet effet sur ce site internet. P\u00e9riode scolaire : Le mercredi, l&rsquo;accueil se d\u00e9roule \u00e0 Charn\u00e8cles de 7h45 \u00e0 18h15 (arriv\u00e9e 13h30 pour les demis journ\u00e9es) P\u00e9riode de vacances scolaires\u00a0:&#8230;<\/p>\n<p class=\"read-more\"><a class=\"btn btn-default\" href=\"https:\/\/lespetitspotes.org\/index.php\/contact\/\">Lire la suite<span class=\"screen-reader-text\"> Lire la suite<\/span><\/a><\/p>\n","protected":false},"author":1,"featured_media":0,"parent":0,"menu_order":0,"comment_status":"closed","ping_status":"closed","template":"","meta":{"footnotes":""},"class_list":["post-16","page","type-page","status-publish","hentry"],"_links":{"self":[{"href":"https:\/\/lespetitspotes.org\/index.php\/wp-json\/wp\/v2\/pages\/16","targetHints":{"allow":["GET"]}}],"collection":[{"href":"https:\/\/lespetitspotes.org\/index.php\/wp-json\/wp\/v2\/pages"}],"about":[{"href":"https:\/\/lespetitspotes.org\/index.php\/wp-json\/wp\/v2\/types\/page"}],"author":[{"embeddable":true,"href":"https:\/\/lespetitspotes.org\/index.php\/wp-json\/wp\/v2\/users\/1"}],"replies":[{"embeddable":true,"href":"https:\/\/lespetitspotes.org\/index.php\/wp-json\/wp\/v2\/comments?post=16"}],"version-history":[{"count":23,"href":"https:\/\/lespetitspotes.org\/index.php\/wp-json\/wp\/v2\/pages\/16\/revisions"}],"predecessor-version":[{"id":2174,"href":"https:\/\/lespetitspotes.org\/index.php\/wp-json\/wp\/v2\/pages\/16\/revisions\/2174"}],"wp:attachment":[{"href":"https:\/\/lespetitspotes.org\/index.php\/wp-json\/wp\/v2\/media?parent=16"}],"curies":[{"name":"wp","href":"https:\/\/api.w.org\/{rel}","templated":true}]}}