{"id":2154,"date":"2026-02-24T13:18:26","date_gmt":"2026-02-24T12:18:26","guid":{"rendered":"https:\/\/lespetitspotes.org\/?page_id=2154"},"modified":"2026-02-24T14:09:18","modified_gmt":"2026-02-24T13:09:18","slug":"formulaire-de-contact","status":"publish","type":"page","link":"https:\/\/lespetitspotes.org\/index.php\/formulaire-de-contact\/","title":{"rendered":"Formulaire de contact"},"content":{"rendered":"\n<div class=\"forminator-guttenberg\"><div class=\"forminator-ui forminator-custom-form forminator-custom-form-2158 forminator-design--default  forminator_ajax\" data-forminator-render=\"0\" data-form=\"forminator-module-2158\" data-uid=\"69dabc71498a7\"><br\/><\/div><form\n\t\t\t\tid=\"forminator-module-2158\"\n\t\t\t\tclass=\"forminator-ui forminator-custom-form forminator-custom-form-2158 forminator-design--default  forminator_ajax\"\n\t\t\t\tmethod=\"post\"\n\t\t\t\tdata-forminator-render=\"0\"\n\t\t\t\tdata-form-id=\"2158\"\n\t\t\t\t data-color-option=\"theme\" data-design=\"default\" data-grid=\"open\" style=\"display: none;\"\n\t\t\t\tdata-uid=\"69dabc71498a7\"\n\t\t\t><div role=\"alert\" aria-live=\"polite\" class=\"forminator-response-message forminator-error\" aria-hidden=\"true\"><\/div><div class=\"forminator-row\"><div id=\"name-2\" class=\"forminator-field-name forminator-col forminator-col-6 \"><div class=\"forminator-field\"><label for=\"forminator-field-name-2_69dabc71498a7\" id=\"forminator-field-name-2_69dabc71498a7-label\" class=\"forminator-label\">Nom et prenom du representant legal<\/label><input type=\"text\" name=\"name-2\" value=\"\" placeholder=\"\" id=\"forminator-field-name-2_69dabc71498a7\" class=\"forminator-input forminator-name--field\" aria-required=\"false\" autocomplete=\"name\" \/><\/div><\/div><div id=\"name-1\" class=\"forminator-field-name forminator-col forminator-col-6 \"><div class=\"forminator-field\"><label for=\"forminator-field-name-1_69dabc71498a7\" id=\"forminator-field-name-1_69dabc71498a7-label\" class=\"forminator-label\">Nom et pr\u00e9nom de l&#039;enfant <span class=\"forminator-required\">*<\/span><\/label><input type=\"text\" name=\"name-1\" value=\"\" placeholder=\"\" id=\"forminator-field-name-1_69dabc71498a7\" class=\"forminator-input forminator-name--field\" aria-required=\"true\" autocomplete=\"name\" \/><\/div><\/div><\/div><div class=\"forminator-row\"><div id=\"email-1\" class=\"forminator-field-email forminator-col forminator-col-12 \"><div class=\"forminator-field\"><label for=\"forminator-field-email-1_69dabc71498a7\" id=\"forminator-field-email-1_69dabc71498a7-label\" class=\"forminator-label\">Adresse de messagerie <span class=\"forminator-required\">*<\/span><\/label><input type=\"email\" name=\"email-1\" value=\"\" placeholder=\"\" id=\"forminator-field-email-1_69dabc71498a7\" class=\"forminator-input forminator-email--field\" data-required=\"true\" aria-required=\"true\" autocomplete=\"email\" \/><\/div><\/div><\/div><div class=\"forminator-row\"><div id=\"phone-1\" class=\"forminator-field-phone forminator-col forminator-col-12 \"><div class=\"forminator-field\"><label for=\"forminator-field-phone-1_69dabc71498a7\" id=\"forminator-field-phone-1_69dabc71498a7-label\" class=\"forminator-label\">Num\u00e9ro de t\u00e9l\u00e9phone<\/label><input type=\"text\" name=\"phone-1\" value=\"\" placeholder=\"\" id=\"forminator-field-phone-1_69dabc71498a7\" class=\"forminator-input forminator-field--phone\" data-required=\"\" aria-required=\"false\" autocomplete=\"off\" \/><\/div><\/div><\/div><div class=\"forminator-row\"><div id=\"select-1\" class=\"forminator-field-select forminator-col forminator-col-12 \"><div class=\"forminator-field\"><label for=\"forminator-form-2158__field--select-1_69dabc71498a7\" id=\"forminator-form-2158__field--select-1_69dabc71498a7-label\" class=\"forminator-label\">Motif du contact<\/label><select multiple id=\"forminator-form-2158__field--select-1_69dabc71498a7\" class=\"forminator-select--field forminator-select2 forminator-select2-multiple\" data-required=\"\" name=\"select-1[]\" data-default-value=\"\" data-hidden-behavior=\"zero\" data-placeholder=\"Motif du contact\" data-search=\"false\" data-search-placeholder=\"Search\" data-checkbox=\"false\" data-allow-clear=\"true\" aria-labelledby=\"forminator-form-2158__field--select-1_69dabc71498a7-label\"><option value=\"one\"  data-calculation=\"0\">Inscriptions vacances<\/option><option value=\"Inscription-mercredis\"  data-calculation=\"0\">Inscriptions mercredis<\/option><option value=\"two\"  data-calculation=\"0\">Facturations\/ r\u00e8glements<\/option><option value=\"Absence\"  data-calculation=\"0\">Absence<\/option><option value=\"portail-famille\"  data-calculation=\"0\">Portail famille<\/option><option value=\"Benevolat\"  data-calculation=\"0\">Benevolat<\/option><option value=\"Autre-(pr\u00e9ciser-dans-le-message)\"  data-calculation=\"0\">Autre (pr\u00e9ciser dans le message)<\/option><\/select><\/div><\/div><\/div><div class=\"forminator-row\"><div id=\"textarea-1\" class=\"forminator-field-textarea forminator-col forminator-col-12 \"><div class=\"forminator-field\"><label for=\"forminator-field-textarea-1_69dabc71498a7\" id=\"forminator-field-textarea-1_69dabc71498a7-label\" class=\"forminator-label\">Message<\/label><span id=\"forminator-field-textarea-1_69dabc71498a7-description\" class=\"forminator-description\"><span data-limit=\"180\" data-type=\"characters\" data-editor=\"\">0 \/ 180<\/span><\/span><textarea name=\"textarea-1\" placeholder=\"\" id=\"forminator-field-textarea-1_69dabc71498a7\" class=\"forminator-textarea\" rows=\"6\" style=\"min-height:140px;\" maxlength=\"180\" ><\/textarea><\/div><\/div><\/div><input type=\"hidden\" name=\"referer_url\" value=\"\" \/><div class=\"forminator-row forminator-row-last\"><div class=\"forminator-col\"><div class=\"forminator-field\"><button class=\"forminator-button forminator-button-submit form-field\">Envoyer mon formulaire<\/button><\/div><\/div><\/div><input type=\"hidden\" id=\"forminator_nonce\" name=\"forminator_nonce\" value=\"a40c346d0b\" \/><input type=\"hidden\" name=\"_wp_http_referer\" value=\"\/index.php\/wp-json\/wp\/v2\/pages\/2154\" \/><input type=\"hidden\" name=\"form_id\" value=\"2158\"><input type=\"hidden\" name=\"page_id\" value=\"2154\"><input type=\"hidden\" name=\"form_type\" value=\"default\"><input type=\"hidden\" name=\"current_url\" value=\"https:\/\/lespetitspotes.org\/index.php\/formulaire-de-contact\/\"><input type=\"hidden\" name=\"render_id\" value=\"0\"><input type=\"hidden\" name=\"action\" value=\"forminator_submit_form_custom-forms\"><\/form><\/div>\n","protected":false},"excerpt":{"rendered":"","protected":false},"author":5,"featured_media":0,"parent":0,"menu_order":0,"comment_status":"closed","ping_status":"closed","template":"","meta":{"footnotes":""},"class_list":["post-2154","page","type-page","status-publish","hentry"],"_links":{"self":[{"href":"https:\/\/lespetitspotes.org\/index.php\/wp-json\/wp\/v2\/pages\/2154","targetHints":{"allow":["GET"]}}],"collection":[{"href":"https:\/\/lespetitspotes.org\/index.php\/wp-json\/wp\/v2\/pages"}],"about":[{"href":"https:\/\/lespetitspotes.org\/index.php\/wp-json\/wp\/v2\/types\/page"}],"author":[{"embeddable":true,"href":"https:\/\/lespetitspotes.org\/index.php\/wp-json\/wp\/v2\/users\/5"}],"replies":[{"embeddable":true,"href":"https:\/\/lespetitspotes.org\/index.php\/wp-json\/wp\/v2\/comments?post=2154"}],"version-history":[{"count":2,"href":"https:\/\/lespetitspotes.org\/index.php\/wp-json\/wp\/v2\/pages\/2154\/revisions"}],"predecessor-version":[{"id":2159,"href":"https:\/\/lespetitspotes.org\/index.php\/wp-json\/wp\/v2\/pages\/2154\/revisions\/2159"}],"wp:attachment":[{"href":"https:\/\/lespetitspotes.org\/index.php\/wp-json\/wp\/v2\/media?parent=2154"}],"curies":[{"name":"wp","href":"https:\/\/api.w.org\/{rel}","templated":true}]}}