{"id":924,"date":"2021-03-20T08:48:00","date_gmt":"2021-03-20T07:48:00","guid":{"rendered":"http:\/\/lespetitspotes.org\/?page_id=924"},"modified":"2026-01-28T16:59:22","modified_gmt":"2026-01-28T15:59:22","slug":"recrutements-stages-decouverte","status":"publish","type":"page","link":"https:\/\/lespetitspotes.org\/index.php\/recrutements-stages-decouverte\/","title":{"rendered":"RECRUTEMENT"},"content":{"rendered":"\n<p>RECRUTEMENT CDD ANIMATEUR\/ANIMATRICE MERCREDIS <\/p>\n\n\n\n<p>L&rsquo;accueil de loisirs LES PETITS POTES recrute un\/une animateur\/animatrice pour les mercredis du 25 f\u00e9vrier au 2 avril 2026<\/p>\n\n\n\n<p>Mercredis : CDD 11h\/semaine (10h le mercredi + 1h de pr\u00e9paration d&rsquo;activit\u00e9s en t\u00e9l\u00e9travail)<\/p>\n\n\n\n<figure class=\"wp-block-image size-large\"><img loading=\"lazy\" decoding=\"async\" width=\"724\" height=\"1024\" src=\"https:\/\/lespetitspotes.org\/wp-content\/uploads\/2026\/01\/Copie-de-Recrutement-Animateurs-Animtrices-4-1-724x1024.png\" alt=\"\" class=\"wp-image-2135\" srcset=\"https:\/\/lespetitspotes.org\/wp-content\/uploads\/2026\/01\/Copie-de-Recrutement-Animateurs-Animtrices-4-1-724x1024.png 724w, https:\/\/lespetitspotes.org\/wp-content\/uploads\/2026\/01\/Copie-de-Recrutement-Animateurs-Animtrices-4-1-212x300.png 212w, https:\/\/lespetitspotes.org\/wp-content\/uploads\/2026\/01\/Copie-de-Recrutement-Animateurs-Animtrices-4-1-768x1086.png 768w, https:\/\/lespetitspotes.org\/wp-content\/uploads\/2026\/01\/Copie-de-Recrutement-Animateurs-Animtrices-4-1-1086x1536.png 1086w, https:\/\/lespetitspotes.org\/wp-content\/uploads\/2026\/01\/Copie-de-Recrutement-Animateurs-Animtrices-4-1-191x270.png 191w, https:\/\/lespetitspotes.org\/wp-content\/uploads\/2026\/01\/Copie-de-Recrutement-Animateurs-Animtrices-4-1.png 1414w\" sizes=\"auto, (max-width: 724px) 100vw, 724px\" \/><\/figure>\n\n\n\n<p class=\"has-text-align-left has-huge-font-size\">Animateurs occasionnels et stagiaires<\/p>\n\n\n\n<p><strong>Nous recrutons r\u00e9guli\u00e8rement des animateurs<\/strong>, alors n&rsquo;h\u00e9sitez pas \u00e0 nous envoyer votre candidature \u00e0 contact@lespetitspotes.org<\/p>\n\n\n\n<p>Le m\u00e9tier d&rsquo;animateur est source d&rsquo;\u00e9panouissement pour les adultes qui le pratiquent et  les enfants qui en b\u00e9n\u00e9ficient. Il se pratique pendant les p\u00e9riodes de vacances scolaires ou tout au long de l&rsquo;ann\u00e9e. Il permet de mettre en \u0153uvre ses aptitudes d&rsquo;aisance relationnelle, de communication et de cr\u00e9ativit\u00e9. L&rsquo;animateur travaille en \u00e9quipe et s&rsquo;int\u00e9resse au d\u00e9veloppement et l&rsquo;\u00e9panouissement de l&rsquo;enfant. <\/p>\n\n\n\n<p><strong>Venez d\u00e9couvrir le m\u00e9tier d&rsquo;animateur en r\u00e9alisant un stage dans notre structure!!<\/strong><\/p>\n\n\n\n<p class=\"has-text-align-center\"><\/p>\n\n\n\n<p><\/p>\n\n\n\n<p><\/p>\n","protected":false},"excerpt":{"rendered":"<p>RECRUTEMENT CDD ANIMATEUR\/ANIMATRICE MERCREDIS L&rsquo;accueil de loisirs LES PETITS POTES recrute un\/une animateur\/animatrice pour les mercredis du 25 f\u00e9vrier au 2 avril 2026 Mercredis : CDD 11h\/semaine (10h le mercredi + 1h de pr\u00e9paration d&rsquo;activit\u00e9s en t\u00e9l\u00e9travail) Animateurs occasionnels et stagiaires Nous recrutons r\u00e9guli\u00e8rement des animateurs, alors n&rsquo;h\u00e9sitez pas \u00e0 nous envoyer votre candidature \u00e0 contact@lespetitspotes.org Le m\u00e9tier d&rsquo;animateur est source d&rsquo;\u00e9panouissement pour les adultes qui le pratiquent et les enfants qui en b\u00e9n\u00e9ficient. Il se pratique pendant les p\u00e9riodes&#8230;<\/p>\n<p class=\"read-more\"><a class=\"btn btn-default\" href=\"https:\/\/lespetitspotes.org\/index.php\/recrutements-stages-decouverte\/\">Lire la suite<span class=\"screen-reader-text\"> Lire la suite<\/span><\/a><\/p>\n","protected":false},"author":9,"featured_media":0,"parent":0,"menu_order":0,"comment_status":"closed","ping_status":"closed","template":"","meta":{"footnotes":""},"class_list":["post-924","page","type-page","status-publish","hentry"],"_links":{"self":[{"href":"https:\/\/lespetitspotes.org\/index.php\/wp-json\/wp\/v2\/pages\/924","targetHints":{"allow":["GET"]}}],"collection":[{"href":"https:\/\/lespetitspotes.org\/index.php\/wp-json\/wp\/v2\/pages"}],"about":[{"href":"https:\/\/lespetitspotes.org\/index.php\/wp-json\/wp\/v2\/types\/page"}],"author":[{"embeddable":true,"href":"https:\/\/lespetitspotes.org\/index.php\/wp-json\/wp\/v2\/users\/9"}],"replies":[{"embeddable":true,"href":"https:\/\/lespetitspotes.org\/index.php\/wp-json\/wp\/v2\/comments?post=924"}],"version-history":[{"count":21,"href":"https:\/\/lespetitspotes.org\/index.php\/wp-json\/wp\/v2\/pages\/924\/revisions"}],"predecessor-version":[{"id":2137,"href":"https:\/\/lespetitspotes.org\/index.php\/wp-json\/wp\/v2\/pages\/924\/revisions\/2137"}],"wp:attachment":[{"href":"https:\/\/lespetitspotes.org\/index.php\/wp-json\/wp\/v2\/media?parent=924"}],"curies":[{"name":"wp","href":"https:\/\/api.w.org\/{rel}","templated":true}]}}